{"id":963,"date":"2015-08-20T11:55:46","date_gmt":"2015-08-20T10:55:46","guid":{"rendered":"http:\/\/www.letheatredesfous.ch\/?page_id=963"},"modified":"2023-01-30T08:24:53","modified_gmt":"2023-01-30T07:24:53","slug":"notre-nouvelle-piece","status":"publish","type":"page","link":"https:\/\/www.letheatredesfous.ch\/?page_id=963","title":{"rendered":"La pi\u00e8ce"},"content":{"rendered":"\n<p><\/p>\n\n\n\n<p>Pour cette saison 2022, nous avons eu le plaisir de vous jouer une com\u00e9die d\u00e9jant\u00e9e en 3 actes de SteF Russeil :<\/p>\n\n\n\n<p class=\"has-large-font-size\">\u00ab\u00a0Promis, jur\u00e9, crash\u00e9\u00a0\u00bb<\/p>\n\n\n\n<p>20h30, A\u00e9roport International de Cointrin. Dans quelques minutes l\u2019avion de la Compagnie CPPM \u00ab \u00c7a Plane Pour Moi \u00bb va s\u2019\u00e9lancer sur la piste pour 2h00 de vol. Le personnel navigant et 250 passagers ont pris place \u00e0 bord. Mais 2 passagers clandestins, venus de nulle part, s\u2019invitent dans ce qui pourrait \u00eatre un aller sans retour. Qui sont-ils, que veulent- ils ? L\u2019avion arrivera-t-il \u00e0 destination ? Rendez-vous dans 2h00\u2026 Peut-\u00eatre\u2026<\/p>\n\n\n\n<p><\/p>\n\n\n\n<figure class=\"wp-block-image size-large\"><img loading=\"lazy\" decoding=\"async\" width=\"776\" height=\"1024\" src=\"https:\/\/www.letheatredesfous.ch\/wp-content\/uploads\/2022\/09\/Affiche-theatre-des-fous_final-776x1024.jpg\" alt=\"\" class=\"wp-image-4835\" srcset=\"https:\/\/www.letheatredesfous.ch\/wp-content\/uploads\/2022\/09\/Affiche-theatre-des-fous_final-776x1024.jpg 776w, https:\/\/www.letheatredesfous.ch\/wp-content\/uploads\/2022\/09\/Affiche-theatre-des-fous_final-227x300.jpg 227w, https:\/\/www.letheatredesfous.ch\/wp-content\/uploads\/2022\/09\/Affiche-theatre-des-fous_final-768x1013.jpg 768w, https:\/\/www.letheatredesfous.ch\/wp-content\/uploads\/2022\/09\/Affiche-theatre-des-fous_final-1164x1536.jpg 1164w, https:\/\/www.letheatredesfous.ch\/wp-content\/uploads\/2022\/09\/Affiche-theatre-des-fous_final-1553x2048.jpg 1553w, https:\/\/www.letheatredesfous.ch\/wp-content\/uploads\/2022\/09\/Affiche-theatre-des-fous_final-250x330.jpg 250w, https:\/\/www.letheatredesfous.ch\/wp-content\/uploads\/2022\/09\/Affiche-theatre-des-fous_final-scaled.jpg 1941w\" sizes=\"auto, (max-width: 776px) 100vw, 776px\" \/><\/figure>\n\n\n\n<figure class=\"wp-block-table is-style-stripes\"><table><tbody><tr><td><strong>Bertrand<\/strong><\/td><td><em>C\u00e9dric P\u00e9clat<\/em><\/td><\/tr><tr><td><strong>Yvan<\/strong><\/td><td><em>Yvan Golay<\/em><\/td><\/tr><tr><td><strong>Martine<\/strong><\/td><td><em>C\u00e9line Remechido<\/em><\/td><\/tr><tr><td><strong>Marie-Charlotte<\/strong><\/td><td><em>Lucie Dupont<\/em><\/td><\/tr><tr><td><strong>Monica<\/strong><\/td><td><em>Jess Joye<\/em><\/td><\/tr><tr><td><strong>Luc<\/strong><\/td><td><em>David Fontaine<\/em><\/td><\/tr><tr><td><strong>Ang\u00e8le<\/strong><\/td><td><em>Casling Phan<\/em><\/td><\/tr><tr><td><strong>Mise en sc\u00e8ne<\/strong><\/td><td><em>Eric Br\u00fclhart<\/em><\/td><\/tr><\/tbody><\/table><\/figure>\n","protected":false},"excerpt":{"rendered":"<p>Pour cette saison 2022, nous avons eu le plaisir de vous jouer une com\u00e9die d\u00e9jant\u00e9e en 3 actes de SteF Russeil : \u00ab\u00a0Promis, jur\u00e9, crash\u00e9\u00a0\u00bb 20h30, A\u00e9roport International de Cointrin. Dans quelques minutes l\u2019avion de la Compagnie CPPM \u00ab \u00c7a <span class=\"excerpt-dots\">&hellip;<\/span> <a class=\"more-link\" href=\"https:\/\/www.letheatredesfous.ch\/?page_id=963\"><span class=\"more-msg\">Lire la suite &rarr;<\/span><\/a><\/p>\n","protected":false},"author":1,"featured_media":0,"parent":4799,"menu_order":0,"comment_status":"closed","ping_status":"closed","template":"","meta":{"footnotes":""},"class_list":["post-963","page","type-page","status-publish","hentry"],"_links":{"self":[{"href":"https:\/\/www.letheatredesfous.ch\/index.php?rest_route=\/wp\/v2\/pages\/963","targetHints":{"allow":["GET"]}}],"collection":[{"href":"https:\/\/www.letheatredesfous.ch\/index.php?rest_route=\/wp\/v2\/pages"}],"about":[{"href":"https:\/\/www.letheatredesfous.ch\/index.php?rest_route=\/wp\/v2\/types\/page"}],"author":[{"embeddable":true,"href":"https:\/\/www.letheatredesfous.ch\/index.php?rest_route=\/wp\/v2\/users\/1"}],"replies":[{"embeddable":true,"href":"https:\/\/www.letheatredesfous.ch\/index.php?rest_route=%2Fwp%2Fv2%2Fcomments&post=963"}],"version-history":[{"count":35,"href":"https:\/\/www.letheatredesfous.ch\/index.php?rest_route=\/wp\/v2\/pages\/963\/revisions"}],"predecessor-version":[{"id":5687,"href":"https:\/\/www.letheatredesfous.ch\/index.php?rest_route=\/wp\/v2\/pages\/963\/revisions\/5687"}],"up":[{"embeddable":true,"href":"https:\/\/www.letheatredesfous.ch\/index.php?rest_route=\/wp\/v2\/pages\/4799"}],"wp:attachment":[{"href":"https:\/\/www.letheatredesfous.ch\/index.php?rest_route=%2Fwp%2Fv2%2Fmedia&parent=963"}],"curies":[{"name":"wp","href":"https:\/\/api.w.org\/{rel}","templated":true}]}}