{"id":5700,"date":"2023-01-30T08:23:39","date_gmt":"2023-01-30T07:23:39","guid":{"rendered":"https:\/\/www.letheatredesfous.ch\/?page_id=5700"},"modified":"2023-01-30T08:23:40","modified_gmt":"2023-01-30T07:23:40","slug":"la-piece","status":"publish","type":"page","link":"https:\/\/www.letheatredesfous.ch\/?page_id=5700","title":{"rendered":"La pi\u00e8ce"},"content":{"rendered":"\n<p>Pour cette deuxi\u00e8me saison, nous avons eu le plaisir de vous jouer une com\u00e9die de Ren\u00e9 Bruneau sur une mise en sc\u00e8ne de Marie-Laure Curty.<\/p>\n\n\n\n<h2 class=\"wp-block-heading\">\u00ab\u00a0Noirs desseins et peau de peinture\u00a0\u00bb<\/h2>\n\n\n\n<p>Juliette attend f\u00e9brilement Benjamin Van Ecker, son premier amour, devenu un peintre c\u00e9l\u00e8bre, et qui, nagu\u00e8re, peignit d&rsquo;elle un nu. Thomas attend surtout que sa femme se calme ! Barnab\u00e9, un clochard cach\u00e9 chez eux, attend lui, de pouvoir filer \u00e0 l&rsquo;anglaise. Quant \u00e0 bonne-maman, elle attend que sa fille profite de l&rsquo;occasion pour se refaire une vie dor\u00e9e ! Mais de Benjamin, point ! Et ce, en d\u00e9pit de la venue intempestive d&rsquo;une aguichante journaliste, puis l&rsquo;irruption explosive d&rsquo;une ahurissante grosse nounou noire qui en emporte largement plus que le vent !<\/p>\n\n\n\n<p>Enfin arrive Benjamin ! H\u00e9las, tr\u00e8s vite la question se pose : Benjamin est-il Benjamin ? Et du coup, Barnab\u00e9 est-il Barnab\u00e9, la journaliste est-elle journaliste, Mammy est-elle bien noire, et surtout le tableau de Juliette est-il bien le tableau de Juliette ?<\/p>\n\n\n\n<p>Heureusement, la police est l\u00e0 pour d\u00e9brouiller la sombre machination. Et Dieu merci, sont \u00e9galement l\u00e0, Benjamin et surtout&#8230; Mammy ! Bref, tel sera pris qui croyait prendre ! Et tels s&rsquo;aimeront qui croyaient ne plus s&rsquo;aimer&#8230; Cependant on aura fr\u00f4l\u00e9 le drame !<\/p>\n","protected":false},"excerpt":{"rendered":"<p>Pour cette deuxi\u00e8me saison, nous avons eu le plaisir de vous jouer une com\u00e9die de Ren\u00e9 Bruneau sur une mise en sc\u00e8ne de Marie-Laure Curty. \u00ab\u00a0Noirs desseins et peau de peinture\u00a0\u00bb Juliette attend f\u00e9brilement Benjamin Van Ecker, son premier amour, <span class=\"excerpt-dots\">&hellip;<\/span> <a class=\"more-link\" href=\"https:\/\/www.letheatredesfous.ch\/?page_id=5700\"><span class=\"more-msg\">Lire la suite &rarr;<\/span><\/a><\/p>\n","protected":false},"author":4,"featured_media":0,"parent":28,"menu_order":2,"comment_status":"closed","ping_status":"closed","template":"","meta":{"footnotes":""},"class_list":["post-5700","page","type-page","status-publish","hentry"],"_links":{"self":[{"href":"https:\/\/www.letheatredesfous.ch\/index.php?rest_route=\/wp\/v2\/pages\/5700","targetHints":{"allow":["GET"]}}],"collection":[{"href":"https:\/\/www.letheatredesfous.ch\/index.php?rest_route=\/wp\/v2\/pages"}],"about":[{"href":"https:\/\/www.letheatredesfous.ch\/index.php?rest_route=\/wp\/v2\/types\/page"}],"author":[{"embeddable":true,"href":"https:\/\/www.letheatredesfous.ch\/index.php?rest_route=\/wp\/v2\/users\/4"}],"replies":[{"embeddable":true,"href":"https:\/\/www.letheatredesfous.ch\/index.php?rest_route=%2Fwp%2Fv2%2Fcomments&post=5700"}],"version-history":[{"count":1,"href":"https:\/\/www.letheatredesfous.ch\/index.php?rest_route=\/wp\/v2\/pages\/5700\/revisions"}],"predecessor-version":[{"id":5701,"href":"https:\/\/www.letheatredesfous.ch\/index.php?rest_route=\/wp\/v2\/pages\/5700\/revisions\/5701"}],"up":[{"embeddable":true,"href":"https:\/\/www.letheatredesfous.ch\/index.php?rest_route=\/wp\/v2\/pages\/28"}],"wp:attachment":[{"href":"https:\/\/www.letheatredesfous.ch\/index.php?rest_route=%2Fwp%2Fv2%2Fmedia&parent=5700"}],"curies":[{"name":"wp","href":"https:\/\/api.w.org\/{rel}","templated":true}]}}