{"id":5694,"date":"2023-01-30T08:04:03","date_gmt":"2023-01-30T07:04:03","guid":{"rendered":"https:\/\/www.letheatredesfous.ch\/?page_id=5694"},"modified":"2023-01-30T08:25:28","modified_gmt":"2023-01-30T07:25:28","slug":"la-piece","status":"publish","type":"page","link":"https:\/\/www.letheatredesfous.ch\/?page_id=5694","title":{"rendered":"La pi\u00e8ce"},"content":{"rendered":"\n<p>Pour cette saison 2017, nous avons eu le plaisir de vous jouer une com\u00e9die d&rsquo;Yvon Taburet sur une mise en sc\u00e8ne de Jo\u00eblle Genoud.<\/p>\n\n\n\n<h2 class=\"wp-block-heading\">\u00ab\u00a0Bienvenue dans l&rsquo;immeuble\u00a0\u00bb<\/h2>\n\n\n\n<figure class=\"wp-block-gallery has-nested-images columns-default is-cropped wp-block-gallery-1 is-layout-flex wp-block-gallery-is-layout-flex\">\n<figure class=\"wp-block-image size-large\"><img loading=\"lazy\" decoding=\"async\" width=\"748\" height=\"1024\" data-id=\"1951\" src=\"https:\/\/www.letheatredesfous.ch\/wp-content\/uploads\/2015\/08\/ltdf_2017-748x1024.png\" alt=\"\" class=\"wp-image-1951\" srcset=\"https:\/\/www.letheatredesfous.ch\/wp-content\/uploads\/2015\/08\/ltdf_2017-748x1024.png 748w, https:\/\/www.letheatredesfous.ch\/wp-content\/uploads\/2015\/08\/ltdf_2017-219x300.png 219w, https:\/\/www.letheatredesfous.ch\/wp-content\/uploads\/2015\/08\/ltdf_2017-768x1052.png 768w, https:\/\/www.letheatredesfous.ch\/wp-content\/uploads\/2015\/08\/ltdf_2017-250x342.png 250w, https:\/\/www.letheatredesfous.ch\/wp-content\/uploads\/2015\/08\/ltdf_2017.png 990w\" sizes=\"auto, (max-width: 748px) 100vw, 748px\" \/><\/figure>\n<\/figure>\n\n\n\n<figure class=\"wp-block-gallery has-nested-images columns-default is-cropped wp-block-gallery-2 is-layout-flex wp-block-gallery-is-layout-flex\">\n<figure class=\"wp-block-image size-large\"><img loading=\"lazy\" decoding=\"async\" width=\"865\" height=\"550\" data-id=\"1942\" src=\"https:\/\/www.letheatredesfous.ch\/wp-content\/uploads\/2015\/08\/resume-1-e1490848150783.png\" alt=\"\" class=\"wp-image-1942\"\/><\/figure>\n<\/figure>\n","protected":false},"excerpt":{"rendered":"<p>Pour cette saison 2017, nous avons eu le plaisir de vous jouer une com\u00e9die d&rsquo;Yvon Taburet sur une mise en sc\u00e8ne de Jo\u00eblle Genoud. \u00ab\u00a0Bienvenue dans l&rsquo;immeuble\u00a0\u00bb<\/p>\n <a class=\"more-link\" href=\"https:\/\/www.letheatredesfous.ch\/?page_id=5694\"><span class=\"more-msg\">Lire la suite &rarr;<\/span><\/a>","protected":false},"author":4,"featured_media":0,"parent":1955,"menu_order":0,"comment_status":"closed","ping_status":"closed","template":"","meta":{"footnotes":""},"class_list":["post-5694","page","type-page","status-publish","hentry"],"_links":{"self":[{"href":"https:\/\/www.letheatredesfous.ch\/index.php?rest_route=\/wp\/v2\/pages\/5694","targetHints":{"allow":["GET"]}}],"collection":[{"href":"https:\/\/www.letheatredesfous.ch\/index.php?rest_route=\/wp\/v2\/pages"}],"about":[{"href":"https:\/\/www.letheatredesfous.ch\/index.php?rest_route=\/wp\/v2\/types\/page"}],"author":[{"embeddable":true,"href":"https:\/\/www.letheatredesfous.ch\/index.php?rest_route=\/wp\/v2\/users\/4"}],"replies":[{"embeddable":true,"href":"https:\/\/www.letheatredesfous.ch\/index.php?rest_route=%2Fwp%2Fv2%2Fcomments&post=5694"}],"version-history":[{"count":1,"href":"https:\/\/www.letheatredesfous.ch\/index.php?rest_route=\/wp\/v2\/pages\/5694\/revisions"}],"predecessor-version":[{"id":5695,"href":"https:\/\/www.letheatredesfous.ch\/index.php?rest_route=\/wp\/v2\/pages\/5694\/revisions\/5695"}],"up":[{"embeddable":true,"href":"https:\/\/www.letheatredesfous.ch\/index.php?rest_route=\/wp\/v2\/pages\/1955"}],"wp:attachment":[{"href":"https:\/\/www.letheatredesfous.ch\/index.php?rest_route=%2Fwp%2Fv2%2Fmedia&parent=5694"}],"curies":[{"name":"wp","href":"https:\/\/api.w.org\/{rel}","templated":true}]}}