{"id":5688,"date":"2023-01-30T07:50:13","date_gmt":"2023-01-30T06:50:13","guid":{"rendered":"https:\/\/www.letheatredesfous.ch\/?page_id=5688"},"modified":"2023-01-30T08:26:11","modified_gmt":"2023-01-30T07:26:11","slug":"la-piece-2019","status":"publish","type":"page","link":"https:\/\/www.letheatredesfous.ch\/?page_id=5688","title":{"rendered":"La pi\u00e8ce"},"content":{"rendered":"\n<p>Pour cette saison 2019, nous avons eu le plaisir de vous jouer une com\u00e9die polici\u00e8re&nbsp;\u00e9crite pour nous par le c\u00e9l\u00e8bre auteur fribourgeois, Nicolas Bussard.<\/p>\n\n\n\n<h2 class=\"wp-block-heading\">\u00ab&nbsp;Toxiques&nbsp;\u00bb<\/h2>\n\n\n\n<p>De retour de la c\u00e9r\u00e9monie d\u2019adieu \u00e0 Monsieur De La Cime-Alti\u00e8re, promoteur immobilier de la haute soci\u00e9t\u00e9, tous les potentiels h\u00e9ritiers sont r\u00e9unis lorsque l&rsquo;un d&rsquo;eux s\u2019\u00e9croule soudainement.<br>Qui est l\u2019auteur de ce crime odieux ? Tout le monde est suspect. Le commissaire Lefellon, second\u00e9 par son fid\u00e8le inspecteur adjoint, m\u00e8ne l\u2019enqu\u00eate.<br>Cette affaire donnera du fil \u00e0 retordre aux enqu\u00eateurs et ne manquera pas de rebondissements !<\/p>\n\n\n\n<figure class=\"wp-block-gallery has-nested-images columns-default is-cropped wp-block-gallery-1 is-layout-flex wp-block-gallery-is-layout-flex\">\n<figure class=\"wp-block-image size-large\"><img loading=\"lazy\" decoding=\"async\" width=\"487\" height=\"685\" data-id=\"5689\" src=\"https:\/\/www.letheatredesfous.ch\/wp-content\/uploads\/2023\/01\/Affiche_2019.jpg\" alt=\"\" class=\"wp-image-5689\" srcset=\"https:\/\/www.letheatredesfous.ch\/wp-content\/uploads\/2023\/01\/Affiche_2019.jpg 487w, https:\/\/www.letheatredesfous.ch\/wp-content\/uploads\/2023\/01\/Affiche_2019-213x300.jpg 213w, https:\/\/www.letheatredesfous.ch\/wp-content\/uploads\/2023\/01\/Affiche_2019-250x352.jpg 250w\" sizes=\"auto, (max-width: 487px) 100vw, 487px\" \/><\/figure>\n<\/figure>\n\n\n\n<figure class=\"wp-block-table is-style-stripes\"><table><tbody><tr><td>Frank Martin<\/td><td>C\u00e9dric P\u00e9clat<\/td><\/tr><tr><td>Jacinthe-Emmanuelle de la Cime Alti\u00e8re <\/td><td>Elodie L\u2019Homme<\/td><\/tr><tr><td>Bruno Roturello<\/td><td>Eric Br\u00fclhart<\/td><\/tr><tr><td>D\u00e9sir\u00e9e-El\u00e9onore de la Cime-Alti\u00e8re<\/td><td>M\u00e9lanie Suchet<\/td><\/tr><tr><td>Marie-Elisabeth de la Cime-Alti\u00e8re<\/td><td>C\u00e9line Remechido<\/td><\/tr><tr><td>Commissaire Lefellon<\/td><td>Guillaume Bella<\/td><\/tr><tr><td>Inspecteur Lassueur <\/td><td>David Fontaine<\/td><\/tr><tr><td>Mise en sc\u00e8ne<\/td><td>Olivier Repond<\/td><\/tr><\/tbody><\/table><\/figure>\n\n\n\n<p><\/p>\n","protected":false},"excerpt":{"rendered":"<p>Pour cette saison 2019, nous avons eu le plaisir de vous jouer une com\u00e9die polici\u00e8re&nbsp;\u00e9crite pour nous par le c\u00e9l\u00e8bre auteur fribourgeois, Nicolas Bussard. \u00ab&nbsp;Toxiques&nbsp;\u00bb De retour de la c\u00e9r\u00e9monie d\u2019adieu \u00e0 Monsieur De La Cime-Alti\u00e8re, promoteur immobilier de la <span class=\"excerpt-dots\">&hellip;<\/span> <a class=\"more-link\" href=\"https:\/\/www.letheatredesfous.ch\/?page_id=5688\"><span class=\"more-msg\">Lire la suite &rarr;<\/span><\/a><\/p>\n","protected":false},"author":4,"featured_media":0,"parent":5306,"menu_order":0,"comment_status":"closed","ping_status":"closed","template":"","meta":{"footnotes":""},"class_list":["post-5688","page","type-page","status-publish","hentry"],"_links":{"self":[{"href":"https:\/\/www.letheatredesfous.ch\/index.php?rest_route=\/wp\/v2\/pages\/5688","targetHints":{"allow":["GET"]}}],"collection":[{"href":"https:\/\/www.letheatredesfous.ch\/index.php?rest_route=\/wp\/v2\/pages"}],"about":[{"href":"https:\/\/www.letheatredesfous.ch\/index.php?rest_route=\/wp\/v2\/types\/page"}],"author":[{"embeddable":true,"href":"https:\/\/www.letheatredesfous.ch\/index.php?rest_route=\/wp\/v2\/users\/4"}],"replies":[{"embeddable":true,"href":"https:\/\/www.letheatredesfous.ch\/index.php?rest_route=%2Fwp%2Fv2%2Fcomments&post=5688"}],"version-history":[{"count":3,"href":"https:\/\/www.letheatredesfous.ch\/index.php?rest_route=\/wp\/v2\/pages\/5688\/revisions"}],"predecessor-version":[{"id":5692,"href":"https:\/\/www.letheatredesfous.ch\/index.php?rest_route=\/wp\/v2\/pages\/5688\/revisions\/5692"}],"up":[{"embeddable":true,"href":"https:\/\/www.letheatredesfous.ch\/index.php?rest_route=\/wp\/v2\/pages\/5306"}],"wp:attachment":[{"href":"https:\/\/www.letheatredesfous.ch\/index.php?rest_route=%2Fwp%2Fv2%2Fmedia&parent=5688"}],"curies":[{"name":"wp","href":"https:\/\/api.w.org\/{rel}","templated":true}]}}