{"id":41,"date":"2014-04-07T16:53:23","date_gmt":"2014-04-07T15:53:23","guid":{"rendered":"http:\/\/www.letheatredesfous.ch\/?page_id=41"},"modified":"2024-11-14T14:06:36","modified_gmt":"2024-11-14T13:06:36","slug":"41-2","status":"publish","type":"page","link":"https:\/\/www.letheatredesfous.ch\/","title":{"rendered":"Home"},"content":{"rendered":"\n<h3 class=\"wp-block-heading\"><\/h3>\n\n\n\n<p>Toute bonne chose a une fin. Les rideaux se sont ferm\u00e9s une derni\u00e8re fois sur la pi\u00e8ce \u00ab\u00a0Zorghol 707\u00a0\u00bb. Nous avons eu un immense plaisir \u00e0 vous interpr\u00e9ter cette pi\u00e8ce de Christian Rossignol.<\/p>\n\n\n\n<p>UN GRAND MERCI \u00e0 vous cher public d&rsquo;\u00eatre venu si nombreux pour rire et nous applaudir. Nous vous donnons d&rsquo;ores et d\u00e9j\u00e0 rendez-vous en automne 2026 pour un nouvelle pi\u00e8ce.<\/p>\n\n\n\n<p class=\"has-text-align-center\"><\/p>\n\n\n\n<figure class=\"wp-block-image size-large\"><img loading=\"lazy\" decoding=\"async\" width=\"1024\" height=\"768\" src=\"https:\/\/www.letheatredesfous.ch\/wp-content\/uploads\/2024\/11\/image-1024x768.png\" alt=\"\" class=\"wp-image-6302\" srcset=\"https:\/\/www.letheatredesfous.ch\/wp-content\/uploads\/2024\/11\/image-1024x768.png 1024w, https:\/\/www.letheatredesfous.ch\/wp-content\/uploads\/2024\/11\/image-300x225.png 300w, https:\/\/www.letheatredesfous.ch\/wp-content\/uploads\/2024\/11\/image-768x576.png 768w, https:\/\/www.letheatredesfous.ch\/wp-content\/uploads\/2024\/11\/image-1536x1152.png 1536w, https:\/\/www.letheatredesfous.ch\/wp-content\/uploads\/2024\/11\/image-250x188.png 250w, https:\/\/www.letheatredesfous.ch\/wp-content\/uploads\/2024\/11\/image.png 1600w\" sizes=\"auto, (max-width: 1024px) 100vw, 1024px\" \/><\/figure>\n\n\n\n<p class=\"has-text-align-center\"><\/p>\n","protected":false},"excerpt":{"rendered":"<p>Toute bonne chose a une fin. Les rideaux se sont ferm\u00e9s une derni\u00e8re fois sur la pi\u00e8ce \u00ab\u00a0Zorghol 707\u00a0\u00bb. Nous avons eu un immense plaisir \u00e0 vous interpr\u00e9ter cette pi\u00e8ce de Christian Rossignol. UN GRAND MERCI \u00e0 vous cher public <span class=\"excerpt-dots\">&hellip;<\/span> <a class=\"more-link\" href=\"https:\/\/www.letheatredesfous.ch\/\"><span class=\"more-msg\">Lire la suite &rarr;<\/span><\/a><\/p>\n","protected":false},"author":1,"featured_media":0,"parent":0,"menu_order":1,"comment_status":"closed","ping_status":"closed","template":"","meta":{"footnotes":""},"class_list":["post-41","page","type-page","status-publish","hentry"],"_links":{"self":[{"href":"https:\/\/www.letheatredesfous.ch\/index.php?rest_route=\/wp\/v2\/pages\/41","targetHints":{"allow":["GET"]}}],"collection":[{"href":"https:\/\/www.letheatredesfous.ch\/index.php?rest_route=\/wp\/v2\/pages"}],"about":[{"href":"https:\/\/www.letheatredesfous.ch\/index.php?rest_route=\/wp\/v2\/types\/page"}],"author":[{"embeddable":true,"href":"https:\/\/www.letheatredesfous.ch\/index.php?rest_route=\/wp\/v2\/users\/1"}],"replies":[{"embeddable":true,"href":"https:\/\/www.letheatredesfous.ch\/index.php?rest_route=%2Fwp%2Fv2%2Fcomments&post=41"}],"version-history":[{"count":181,"href":"https:\/\/www.letheatredesfous.ch\/index.php?rest_route=\/wp\/v2\/pages\/41\/revisions"}],"predecessor-version":[{"id":6303,"href":"https:\/\/www.letheatredesfous.ch\/index.php?rest_route=\/wp\/v2\/pages\/41\/revisions\/6303"}],"wp:attachment":[{"href":"https:\/\/www.letheatredesfous.ch\/index.php?rest_route=%2Fwp%2Fv2%2Fmedia&parent=41"}],"curies":[{"name":"wp","href":"https:\/\/api.w.org\/{rel}","templated":true}]}}