{"id":21,"date":"2014-04-07T14:06:05","date_gmt":"2014-04-07T13:06:05","guid":{"rendered":"http:\/\/www.letheatredesfous.ch\/?page_id=21"},"modified":"2024-11-14T14:18:46","modified_gmt":"2024-11-14T13:18:46","slug":"le-comite","status":"publish","type":"page","link":"https:\/\/www.letheatredesfous.ch\/?page_id=21","title":{"rendered":"Le comit\u00e9"},"content":{"rendered":"\n<figure class=\"wp-block-table\"><table><tbody><tr><td><img loading=\"lazy\" decoding=\"async\" width=\"150\" height=\"197\" class=\"wp-image-2896\" style=\"width: 150px;\" src=\"https:\/\/www.letheatredesfous.ch\/wp-content\/uploads\/2019\/04\/David-Fontaine-e1555072614821.png\" alt=\"\"><\/td><td>Pr\u00e9sident<\/td><td>David Fontaine<\/td><td>president (at) letheatredesfous.ch <\/td><\/tr><tr><td><img loading=\"lazy\" decoding=\"async\" width=\"150\" height=\"195\" class=\"wp-image-1845\" style=\"width: 150px;\" src=\"https:\/\/www.letheatredesfous.ch\/wp-content\/uploads\/2017\/03\/Sidonie-e1490198291852.png\" alt=\"\"><\/td><td>Secr\u00e9taire<\/td><td>Sidonie Repond<\/td><td>secretariat (at) letheatredesfous.ch<\/td><\/tr><tr><td><img loading=\"lazy\" decoding=\"async\" width=\"150\" height=\"194\" class=\"wp-image-2963\" style=\"width: 150px;\" src=\"https:\/\/www.letheatredesfous.ch\/wp-content\/uploads\/2019\/05\/Ce\u0301dric-dis.png\" alt=\"\" srcset=\"https:\/\/www.letheatredesfous.ch\/wp-content\/uploads\/2019\/05\/Ce\u0301dric-dis.png 602w, https:\/\/www.letheatredesfous.ch\/wp-content\/uploads\/2019\/05\/Ce\u0301dric-dis-232x300.png 232w, https:\/\/www.letheatredesfous.ch\/wp-content\/uploads\/2019\/05\/Ce\u0301dric-dis-250x323.png 250w\" sizes=\"auto, (max-width: 150px) 100vw, 150px\" \/><\/td><td>Caissier<\/td><td>C\u00e9dric P\u00e9clat<\/td><td>caisse (at) letheatredesfous.ch<\/td><\/tr><tr><td><img loading=\"lazy\" decoding=\"async\" width=\"150\" height=\"194\" class=\"wp-image-2967\" style=\"width: 150px;\" src=\"https:\/\/www.letheatredesfous.ch\/wp-content\/uploads\/2019\/05\/Eric-dis.png\" alt=\"\" srcset=\"https:\/\/www.letheatredesfous.ch\/wp-content\/uploads\/2019\/05\/Eric-dis.png 600w, https:\/\/www.letheatredesfous.ch\/wp-content\/uploads\/2019\/05\/Eric-dis-232x300.png 232w, https:\/\/www.letheatredesfous.ch\/wp-content\/uploads\/2019\/05\/Eric-dis-250x324.png 250w\" sizes=\"auto, (max-width: 150px) 100vw, 150px\" \/><\/td><td>Membre<\/td><td>Eric Br\u00fclhart<\/td><td><\/td><\/tr><tr><td><\/td><td>Membre<\/td><td>M\u00e9lanie Grand<\/td><td><\/td><\/tr><\/tbody><\/table><\/figure>\n","protected":false},"excerpt":{"rendered":"<p>Pr\u00e9sident David Fontaine president (at) letheatredesfous.ch Secr\u00e9taire Sidonie Repond secretariat (at) letheatredesfous.ch Caissier C\u00e9dric P\u00e9clat caisse (at) letheatredesfous.ch Membre Eric Br\u00fclhart Membre M\u00e9lanie Grand<\/p>\n <a class=\"more-link\" href=\"https:\/\/www.letheatredesfous.ch\/?page_id=21\"><span class=\"more-msg\">Lire la suite &rarr;<\/span><\/a>","protected":false},"author":4,"featured_media":0,"parent":2,"menu_order":1,"comment_status":"closed","ping_status":"closed","template":"","meta":{"footnotes":""},"class_list":["post-21","page","type-page","status-publish","hentry"],"_links":{"self":[{"href":"https:\/\/www.letheatredesfous.ch\/index.php?rest_route=\/wp\/v2\/pages\/21","targetHints":{"allow":["GET"]}}],"collection":[{"href":"https:\/\/www.letheatredesfous.ch\/index.php?rest_route=\/wp\/v2\/pages"}],"about":[{"href":"https:\/\/www.letheatredesfous.ch\/index.php?rest_route=\/wp\/v2\/types\/page"}],"author":[{"embeddable":true,"href":"https:\/\/www.letheatredesfous.ch\/index.php?rest_route=\/wp\/v2\/users\/4"}],"replies":[{"embeddable":true,"href":"https:\/\/www.letheatredesfous.ch\/index.php?rest_route=%2Fwp%2Fv2%2Fcomments&post=21"}],"version-history":[{"count":64,"href":"https:\/\/www.letheatredesfous.ch\/index.php?rest_route=\/wp\/v2\/pages\/21\/revisions"}],"predecessor-version":[{"id":6308,"href":"https:\/\/www.letheatredesfous.ch\/index.php?rest_route=\/wp\/v2\/pages\/21\/revisions\/6308"}],"up":[{"embeddable":true,"href":"https:\/\/www.letheatredesfous.ch\/index.php?rest_route=\/wp\/v2\/pages\/2"}],"wp:attachment":[{"href":"https:\/\/www.letheatredesfous.ch\/index.php?rest_route=%2Fwp%2Fv2%2Fmedia&parent=21"}],"curies":[{"name":"wp","href":"https:\/\/api.w.org\/{rel}","templated":true}]}}