{"id":2,"date":"2014-04-07T12:18:43","date_gmt":"2014-04-07T12:18:43","guid":{"rendered":"http:\/\/www.letheatredesfous.ch\/?page_id=2"},"modified":"2024-11-14T14:15:01","modified_gmt":"2024-11-14T13:15:01","slug":"page-d-exemple","status":"publish","type":"page","link":"https:\/\/www.letheatredesfous.ch\/?page_id=2","title":{"rendered":"Qui sommes-nous ?"},"content":{"rendered":"\n<p>Notre histoire commence lors d\u2019un souper entre amis en 2011. Certains anciens acteurs, actrices et membres de la jeunesse de Villarimboud sont pr\u00e9sents et \u00e9voquent les souvenirs du bon vieux temps. Ils d\u00e9cident alors de former une troupe.<\/p>\n\n\n\n<p>En 2012, nous fondons officiellement la soci\u00e9t\u00e9 th\u00e9\u00e2trale \u00abLe Th\u00e9\u00e2tre des Fous\u00bb. Depuis, cette derni\u00e8re est ouverte \u00e0 tous ceux qui montrent un v\u00e9ritable int\u00e9r\u00eat pour le th\u00e9\u00e2tre et souhaitent y prendre une part active.<\/p>\n\n\n\n<p>Au printemps 2013, nous organisons nos premi\u00e8res repr\u00e9sentations sur une com\u00e9die de Ray Cooney, \u00abImpair et p\u00e8re\u00bb.<br>Au printemps 2014, nous remettons le couvert avec une com\u00e9die intitul\u00e9e \u00abNoirs desseins et peau de peinture\u00bb, de Paul Cote.<br>Trouvant que le mois de mars est tr\u00e8s charg\u00e9 en activit\u00e9s, nous d\u00e9cidons de pr\u00e9senter nos pi\u00e8ces au mois de novembre. Ainsi, nous jouons \u00abPas toutes \u00e0 la fois\u00bb en 2015 et \u00abBienvenue dans l&rsquo;immeuble\u00bb en 2017.<br>Petit \u00e0 petit, nous atteignons notre vitesse de croisi\u00e8re et, en novembre 2019, nous jouons \u00abToxiques\u00bb, une com\u00e9die polici\u00e8re \u00e9crite exclusivement pour nous par Nicolas Bussard<br>Notre spectacle 2022 \u00abPromis, jur\u00e9, crash\u00e9\u00bb de Stef Russeil, a remport\u00e9 un franc succ\u00e8s. Nous nous sommes fait plaisir et surtout, nous en avons donn\u00e9 ! N\u2019est-ce pas l\u00e0 l\u2019essence m\u00eame du th\u00e9\u00e2tre ?<br>*Zorghol 707&Prime; que nous avons jou\u00e9e en 2024 refl\u00e9tait un gout particulier. Cette  pi\u00e8ce a rassembl\u00e9 10 acteurs sur sc\u00e8ne. Un m\u00e9lange d&rsquo;anciens acteurs revenus apr\u00e8s plusieurs ann\u00e9es s&rsquo;est m\u00eal\u00e9s \u00e0 nos routiniers pour le plaisir d0un public conquis d\u00e8s le lev\u00e9 de rideau. La mayonnaise \u00e0 rapidement pris.<\/p>\n\n\n\n<p>Le Pr\u00e9sident<\/p>\n","protected":false},"excerpt":{"rendered":"<p>Notre histoire commence lors d\u2019un souper entre amis en 2011. Certains anciens acteurs, actrices et membres de la jeunesse de Villarimboud sont pr\u00e9sents et \u00e9voquent les souvenirs du bon vieux temps. Ils d\u00e9cident alors de former une troupe. En 2012, <span class=\"excerpt-dots\">&hellip;<\/span> <a class=\"more-link\" href=\"https:\/\/www.letheatredesfous.ch\/?page_id=2\"><span class=\"more-msg\">Lire la suite &rarr;<\/span><\/a><\/p>\n","protected":false},"author":1,"featured_media":0,"parent":0,"menu_order":2,"comment_status":"closed","ping_status":"closed","template":"","meta":{"footnotes":""},"class_list":["post-2","page","type-page","status-publish","hentry"],"_links":{"self":[{"href":"https:\/\/www.letheatredesfous.ch\/index.php?rest_route=\/wp\/v2\/pages\/2","targetHints":{"allow":["GET"]}}],"collection":[{"href":"https:\/\/www.letheatredesfous.ch\/index.php?rest_route=\/wp\/v2\/pages"}],"about":[{"href":"https:\/\/www.letheatredesfous.ch\/index.php?rest_route=\/wp\/v2\/types\/page"}],"author":[{"embeddable":true,"href":"https:\/\/www.letheatredesfous.ch\/index.php?rest_route=\/wp\/v2\/users\/1"}],"replies":[{"embeddable":true,"href":"https:\/\/www.letheatredesfous.ch\/index.php?rest_route=%2Fwp%2Fv2%2Fcomments&post=2"}],"version-history":[{"count":5,"href":"https:\/\/www.letheatredesfous.ch\/index.php?rest_route=\/wp\/v2\/pages\/2\/revisions"}],"predecessor-version":[{"id":6305,"href":"https:\/\/www.letheatredesfous.ch\/index.php?rest_route=\/wp\/v2\/pages\/2\/revisions\/6305"}],"wp:attachment":[{"href":"https:\/\/www.letheatredesfous.ch\/index.php?rest_route=%2Fwp%2Fv2%2Fmedia&parent=2"}],"curies":[{"name":"wp","href":"https:\/\/api.w.org\/{rel}","templated":true}]}}